{"id":866,"date":"2024-07-14T21:42:43","date_gmt":"2024-07-14T21:42:43","guid":{"rendered":"https:\/\/tienda.cetys.mx\/?post_type=product&#038;p=866"},"modified":"2024-10-03T08:33:32","modified_gmt":"2024-10-03T15:33:32","slug":"congreso-internacional-de-identidad-del-docente-universitario","status":"publish","type":"product","link":"https:\/\/tienda.cetys.mx\/en\/product\/congreso-internacional-de-identidad-del-docente-universitario\/","title":{"rendered":"Congreso Internacional de Identidad del Docente Universitario"},"content":{"rendered":"<p>[et_pb_section fb_built=&#8221;1&#8243; _builder_version=&#8221;4.16&#8243; custom_padding=&#8221;0px||||false|false&#8221; global_colors_info=&#8221;{}&#8221;][et_pb_row _builder_version=&#8221;4.16&#8243; background_size=&#8221;initial&#8221; background_position=&#8221;top_left&#8221; background_repeat=&#8221;repeat&#8221; width=&#8221;100%&#8221; custom_padding=&#8221;0px||0px||false|false&#8221; global_colors_info=&#8221;{}&#8221;][et_pb_column type=&#8221;4_4&#8243; _builder_version=&#8221;4.16&#8243; custom_padding=&#8221;|||&#8221; global_colors_info=&#8221;{}&#8221; custom_padding__hover=&#8221;|||&#8221;][et_pb_wc_breadcrumb _builder_version=&#8221;4.16&#8243; global_colors_info=&#8221;{}&#8221;][\/et_pb_wc_breadcrumb][et_pb_wc_cart_notice _builder_version=&#8221;4.16&#8243; global_colors_info=&#8221;{}&#8221;][\/et_pb_wc_cart_notice][\/et_pb_column][\/et_pb_row][et_pb_row column_structure=&#8221;1_2,1_2&#8243; _builder_version=&#8221;4.16&#8243; background_size=&#8221;initial&#8221; background_position=&#8221;top_left&#8221; background_repeat=&#8221;repeat&#8221; width=&#8221;100%&#8221; custom_padding=&#8221;0px||||false|false&#8221; global_colors_info=&#8221;{}&#8221;][et_pb_column type=&#8221;1_2&#8243; _builder_version=&#8221;4.16&#8243; custom_padding=&#8221;|||&#8221; global_colors_info=&#8221;{}&#8221; custom_padding__hover=&#8221;|||&#8221;][et_pb_wc_images sale_badge_color=&#8221;#ffde00&#8243; _builder_version=&#8221;4.17.1&#8243; sale_badge_font=&#8221;|600|||||||&#8221; sale_badge_text_color=&#8221;#000000&#8243; border_width_all_sale_badge=&#8221;3px&#8221; border_color_all_sale_badge=&#8221;#000000&#8243; global_colors_info=&#8221;{}&#8221;][\/et_pb_wc_images][\/et_pb_column][et_pb_column type=&#8221;1_2&#8243; _builder_version=&#8221;4.16&#8243; custom_padding=&#8221;|||&#8221; global_colors_info=&#8221;{}&#8221; custom_padding__hover=&#8221;|||&#8221;][et_pb_wc_title _builder_version=&#8221;4.16&#8243; global_colors_info=&#8221;{}&#8221;][\/et_pb_wc_title][et_pb_wc_rating _builder_version=&#8221;4.16&#8243; global_colors_info=&#8221;{}&#8221;][\/et_pb_wc_rating][et_pb_wc_price _builder_version=&#8221;4.16&#8243; global_colors_info=&#8221;{}&#8221;][\/et_pb_wc_price][et_pb_wc_description _builder_version=&#8221;4.16&#8243; global_colors_info=&#8221;{}&#8221;][\/et_pb_wc_description][et_pb_wc_add_to_cart _builder_version=&#8221;4.16&#8243; global_colors_info=&#8221;{}&#8221;][\/et_pb_wc_add_to_cart][et_pb_wc_meta _builder_version=&#8221;4.16&#8243; global_colors_info=&#8221;{}&#8221;][\/et_pb_wc_meta][\/et_pb_column][\/et_pb_row][et_pb_row _builder_version=&#8221;4.16&#8243; background_size=&#8221;initial&#8221; background_position=&#8221;top_left&#8221; background_repeat=&#8221;repeat&#8221; width=&#8221;100%&#8221; global_colors_info=&#8221;{}&#8221;][et_pb_column type=&#8221;4_4&#8243; _builder_version=&#8221;4.16&#8243; custom_padding=&#8221;|||&#8221; global_colors_info=&#8221;{}&#8221; custom_padding__hover=&#8221;|||&#8221;][et_pb_wc_tabs _builder_version=&#8221;4.16&#8243; global_colors_info=&#8221;{}&#8221;]\t\t\t\t\t[\/et_pb_wc_tabs][et_pb_wc_upsells _builder_version=&#8221;4.16&#8243; global_colors_info=&#8221;{}&#8221;][\/et_pb_wc_upsells][et_pb_wc_related_products _builder_version=&#8221;4.16&#8243; global_colors_info=&#8221;{}&#8221;][\/et_pb_wc_related_products][\/et_pb_column][\/et_pb_row][\/et_pb_section]<\/p>\n","protected":false},"excerpt":{"rendered":"","protected":false},"featured_media":872,"comment_status":"closed","ping_status":"closed","template":"","meta":{"_et_pb_use_builder":"on","_et_pb_old_content":"<h1><strong>Congreso Internacional de Identidad del Docente Universitario<\/strong><\/h1>\r\n<h2>Memoria e imaginaci\u00f3n en el contexto de hoy<\/h2>\r\n<h4>Del 3 al 4 de octubre, 2024 en CETYS Universidad, Campus Tijuana<\/h4>\r\nEl primer Congreso Internacional de Identidad del Docente Universitario (CIIDU) se plantea el firme prop\u00f3sito de reflexionar juntos sobre la identidad profesional del profesor para poder anticiparnos a los grandes desaf\u00edos y retos que va a tener que enfrentar, en un futuro pr\u00f3ximo, la profesi\u00f3n docente.\r\n\r\nUn elemento sustantivo del debate que se pretende abordar en el CIIDU es la categor\u00eda de identidad profesional del profesor universitario a trav\u00e9s de cuatro ejes tem\u00e1ticos:\r\n<ol>\r\n \t<li>Identidad profesional, pedagog\u00eda de la alteridad y docencia universitaria.<\/li>\r\n \t<li>Profesorado y modelos educativos emergentes, incluyendo inteligencia artificial.<\/li>\r\n \t<li>Profesionalizaci\u00f3n de la docencia universitaria. Formaci\u00f3n continua y programas de actualizaci\u00f3n.<\/li>\r\n \t<li>La identidad docente y su realizaci\u00f3n en los diferentes niveles y espacios.<\/li>\r\n<\/ol>\r\n<table>\r\n<tbody>\r\n<tr>\r\n<td width=\"196\"><strong>Tipo de p\u00fablico<\/strong><\/td>\r\n<td width=\"196\"><strong>Inscripci\u00f3n anticipada (hasta el 6 de septiembre)<\/strong><\/td>\r\n<td width=\"196\"><strong>Inscripci\u00f3n regular\r\n(a partir del 7 de septiembre)<\/strong><\/td>\r\n<\/tr>\r\n<tr>\r\n<td width=\"196\">Ponente<\/td>\r\n<td width=\"196\">$600<\/td>\r\n<td width=\"196\">$800<\/td>\r\n<\/tr>\r\n<tr>\r\n<td width=\"196\">Asistente<\/td>\r\n<td width=\"196\">$300<\/td>\r\n<td width=\"196\">$400<\/td>\r\n<\/tr>\r\n<\/tbody>\r\n<\/table>","_et_gb_content_width":"","_price":"","_stock":null,"_tribe_ticket_header":"","_tribe_default_ticket_provider":"","_ticket_start_date":"","_ticket_end_date":"","_tribe_ticket_show_description":"","_tribe_ticket_show_not_going":false,"_tribe_ticket_use_global_stock":"","_tribe_ticket_global_stock_level":"","_global_stock_mode":"","_global_stock_cap":"","_tribe_rsvp_for_event":"","_tribe_ticket_going_count":"","_tribe_ticket_not_going_count":"","_tribe_tickets_list":"[]","_tribe_ticket_has_attendee_info_fields":false,"_tec_slr_enabled":"","_tec_slr_layout":"","_links_to":"","_links_to_target":""},"product_brand":[],"product_cat":[37],"product_tag":[],"class_list":{"0":"post-866","1":"product","2":"type-product","3":"status-publish","4":"has-post-thumbnail","6":"product_cat-congresos","8":"first","9":"instock","10":"shipping-taxable","11":"product-type-variable"},"bundled_by":[],"bundle_stock_status":"instock","bundle_stock_quantity":null,"bundle_virtual":false,"bundle_layout":"","bundle_add_to_cart_form_location":"","bundle_editable_in_cart":false,"bundle_sold_individually_context":"","bundle_item_grouping":"","bundle_min_size":"","bundle_max_size":"","bundle_price":[],"bundled_items":[],"bundle_sell_ids":[],"yoast_head":"<!-- This site is optimized with the Yoast SEO plugin v27.0 - https:\/\/yoast.com\/product\/yoast-seo-wordpress\/ -->\n<title>Congreso Internacional de Identidad del Docente Universitario - Tienda CETYS<\/title>\n<meta name=\"robots\" content=\"index, follow, max-snippet:-1, max-image-preview:large, max-video-preview:-1\" \/>\n<link rel=\"canonical\" href=\"https:\/\/tienda.cetys.mx\/en\/product\/congreso-internacional-de-identidad-del-docente-universitario\/\" \/>\n<meta property=\"og:locale\" content=\"en_US\" \/>\n<meta property=\"og:type\" content=\"article\" \/>\n<meta property=\"og:title\" content=\"Congreso Internacional de Identidad del Docente Universitario - Tienda CETYS\" \/>\n<meta property=\"og:url\" content=\"https:\/\/tienda.cetys.mx\/en\/product\/congreso-internacional-de-identidad-del-docente-universitario\/\" \/>\n<meta property=\"og:site_name\" content=\"Tienda CETYS\" \/>\n<meta property=\"article:modified_time\" content=\"2024-10-03T15:33:32+00:00\" \/>\n<meta property=\"og:image\" content=\"https:\/\/tienda.cetys.mx\/wp-content\/uploads\/2024\/07\/cetys-congreso-internacional-de-identidad-del-universitario-cuadrado.jpg\" \/>\n\t<meta property=\"og:image:width\" content=\"457\" \/>\n\t<meta property=\"og:image:height\" content=\"458\" \/>\n\t<meta property=\"og:image:type\" content=\"image\/jpeg\" \/>\n<meta name=\"twitter:card\" content=\"summary_large_image\" \/>\n<meta name=\"twitter:label1\" content=\"Est. reading time\" \/>\n\t<meta name=\"twitter:data1\" content=\"2 minutes\" \/>\n<script type=\"application\/ld+json\" class=\"yoast-schema-graph\">{\"@context\":\"https:\/\/schema.org\",\"@graph\":[{\"@type\":\"WebPage\",\"@id\":\"https:\/\/tienda.cetys.mx\/producto\/congreso-internacional-de-identidad-del-docente-universitario\/\",\"url\":\"https:\/\/tienda.cetys.mx\/producto\/congreso-internacional-de-identidad-del-docente-universitario\/\",\"name\":\"Congreso Internacional de Identidad del Docente Universitario - Tienda CETYS\",\"isPartOf\":{\"@id\":\"https:\/\/tienda.cetys.mx\/#website\"},\"primaryImageOfPage\":{\"@id\":\"https:\/\/tienda.cetys.mx\/producto\/congreso-internacional-de-identidad-del-docente-universitario\/#primaryimage\"},\"image\":{\"@id\":\"https:\/\/tienda.cetys.mx\/producto\/congreso-internacional-de-identidad-del-docente-universitario\/#primaryimage\"},\"thumbnailUrl\":\"https:\/\/tienda.cetys.mx\/wp-content\/uploads\/2024\/07\/cetys-congreso-internacional-de-identidad-del-universitario-cuadrado.jpg\",\"datePublished\":\"2024-07-14T21:42:43+00:00\",\"dateModified\":\"2024-10-03T15:33:32+00:00\",\"breadcrumb\":{\"@id\":\"https:\/\/tienda.cetys.mx\/producto\/congreso-internacional-de-identidad-del-docente-universitario\/#breadcrumb\"},\"inLanguage\":\"en-US\",\"potentialAction\":[{\"@type\":\"ReadAction\",\"target\":[\"https:\/\/tienda.cetys.mx\/producto\/congreso-internacional-de-identidad-del-docente-universitario\/\"]}]},{\"@type\":\"ImageObject\",\"inLanguage\":\"en-US\",\"@id\":\"https:\/\/tienda.cetys.mx\/producto\/congreso-internacional-de-identidad-del-docente-universitario\/#primaryimage\",\"url\":\"https:\/\/tienda.cetys.mx\/wp-content\/uploads\/2024\/07\/cetys-congreso-internacional-de-identidad-del-universitario-cuadrado.jpg\",\"contentUrl\":\"https:\/\/tienda.cetys.mx\/wp-content\/uploads\/2024\/07\/cetys-congreso-internacional-de-identidad-del-universitario-cuadrado.jpg\",\"width\":457,\"height\":458},{\"@type\":\"BreadcrumbList\",\"@id\":\"https:\/\/tienda.cetys.mx\/producto\/congreso-internacional-de-identidad-del-docente-universitario\/#breadcrumb\",\"itemListElement\":[{\"@type\":\"ListItem\",\"position\":1,\"name\":\"Home\",\"item\":\"https:\/\/tienda.cetys.mx\/\"},{\"@type\":\"ListItem\",\"position\":2,\"name\":\"Tienda\",\"item\":\"https:\/\/tienda.cetys.mx\/tienda\/\"},{\"@type\":\"ListItem\",\"position\":3,\"name\":\"Congreso Internacional de Identidad del Docente Universitario\"}]},{\"@type\":\"WebSite\",\"@id\":\"https:\/\/tienda.cetys.mx\/#website\",\"url\":\"https:\/\/tienda.cetys.mx\/\",\"name\":\"Tienda CETYS\",\"description\":\"\",\"potentialAction\":[{\"@type\":\"SearchAction\",\"target\":{\"@type\":\"EntryPoint\",\"urlTemplate\":\"https:\/\/tienda.cetys.mx\/?s={search_term_string}\"},\"query-input\":{\"@type\":\"PropertyValueSpecification\",\"valueRequired\":true,\"valueName\":\"search_term_string\"}}],\"inLanguage\":\"en-US\"}]}<\/script>\n<!-- \/ Yoast SEO plugin. -->","yoast_head_json":{"title":"Congreso Internacional de Identidad del Docente Universitario - Tienda CETYS","robots":{"index":"index","follow":"follow","max-snippet":"max-snippet:-1","max-image-preview":"max-image-preview:large","max-video-preview":"max-video-preview:-1"},"canonical":"https:\/\/tienda.cetys.mx\/en\/product\/congreso-internacional-de-identidad-del-docente-universitario\/","og_locale":"en_US","og_type":"article","og_title":"Congreso Internacional de Identidad del Docente Universitario - Tienda CETYS","og_url":"https:\/\/tienda.cetys.mx\/en\/product\/congreso-internacional-de-identidad-del-docente-universitario\/","og_site_name":"Tienda CETYS","article_modified_time":"2024-10-03T15:33:32+00:00","og_image":[{"width":457,"height":458,"url":"https:\/\/tienda.cetys.mx\/wp-content\/uploads\/2024\/07\/cetys-congreso-internacional-de-identidad-del-universitario-cuadrado.jpg","type":"image\/jpeg"}],"twitter_card":"summary_large_image","twitter_misc":{"Est. reading time":"2 minutes"},"schema":{"@context":"https:\/\/schema.org","@graph":[{"@type":"WebPage","@id":"https:\/\/tienda.cetys.mx\/producto\/congreso-internacional-de-identidad-del-docente-universitario\/","url":"https:\/\/tienda.cetys.mx\/producto\/congreso-internacional-de-identidad-del-docente-universitario\/","name":"Congreso Internacional de Identidad del Docente Universitario - Tienda CETYS","isPartOf":{"@id":"https:\/\/tienda.cetys.mx\/#website"},"primaryImageOfPage":{"@id":"https:\/\/tienda.cetys.mx\/producto\/congreso-internacional-de-identidad-del-docente-universitario\/#primaryimage"},"image":{"@id":"https:\/\/tienda.cetys.mx\/producto\/congreso-internacional-de-identidad-del-docente-universitario\/#primaryimage"},"thumbnailUrl":"https:\/\/tienda.cetys.mx\/wp-content\/uploads\/2024\/07\/cetys-congreso-internacional-de-identidad-del-universitario-cuadrado.jpg","datePublished":"2024-07-14T21:42:43+00:00","dateModified":"2024-10-03T15:33:32+00:00","breadcrumb":{"@id":"https:\/\/tienda.cetys.mx\/producto\/congreso-internacional-de-identidad-del-docente-universitario\/#breadcrumb"},"inLanguage":"en-US","potentialAction":[{"@type":"ReadAction","target":["https:\/\/tienda.cetys.mx\/producto\/congreso-internacional-de-identidad-del-docente-universitario\/"]}]},{"@type":"ImageObject","inLanguage":"en-US","@id":"https:\/\/tienda.cetys.mx\/producto\/congreso-internacional-de-identidad-del-docente-universitario\/#primaryimage","url":"https:\/\/tienda.cetys.mx\/wp-content\/uploads\/2024\/07\/cetys-congreso-internacional-de-identidad-del-universitario-cuadrado.jpg","contentUrl":"https:\/\/tienda.cetys.mx\/wp-content\/uploads\/2024\/07\/cetys-congreso-internacional-de-identidad-del-universitario-cuadrado.jpg","width":457,"height":458},{"@type":"BreadcrumbList","@id":"https:\/\/tienda.cetys.mx\/producto\/congreso-internacional-de-identidad-del-docente-universitario\/#breadcrumb","itemListElement":[{"@type":"ListItem","position":1,"name":"Home","item":"https:\/\/tienda.cetys.mx\/"},{"@type":"ListItem","position":2,"name":"Tienda","item":"https:\/\/tienda.cetys.mx\/tienda\/"},{"@type":"ListItem","position":3,"name":"Congreso Internacional de Identidad del Docente Universitario"}]},{"@type":"WebSite","@id":"https:\/\/tienda.cetys.mx\/#website","url":"https:\/\/tienda.cetys.mx\/","name":"Tienda CETYS","description":"","potentialAction":[{"@type":"SearchAction","target":{"@type":"EntryPoint","urlTemplate":"https:\/\/tienda.cetys.mx\/?s={search_term_string}"},"query-input":{"@type":"PropertyValueSpecification","valueRequired":true,"valueName":"search_term_string"}}],"inLanguage":"en-US"}]}},"jetpack_sharing_enabled":true,"_links":{"self":[{"href":"https:\/\/tienda.cetys.mx\/en\/wp-json\/wp\/v2\/product\/866","targetHints":{"allow":["GET"]}}],"collection":[{"href":"https:\/\/tienda.cetys.mx\/en\/wp-json\/wp\/v2\/product"}],"about":[{"href":"https:\/\/tienda.cetys.mx\/en\/wp-json\/wp\/v2\/types\/product"}],"replies":[{"embeddable":true,"href":"https:\/\/tienda.cetys.mx\/en\/wp-json\/wp\/v2\/comments?post=866"}],"wp:featuredmedia":[{"embeddable":true,"href":"https:\/\/tienda.cetys.mx\/en\/wp-json\/wp\/v2\/media\/872"}],"wp:attachment":[{"href":"https:\/\/tienda.cetys.mx\/en\/wp-json\/wp\/v2\/media?parent=866"}],"wp:term":[{"taxonomy":"product_brand","embeddable":true,"href":"https:\/\/tienda.cetys.mx\/en\/wp-json\/wp\/v2\/product_brand?post=866"},{"taxonomy":"product_cat","embeddable":true,"href":"https:\/\/tienda.cetys.mx\/en\/wp-json\/wp\/v2\/product_cat?post=866"},{"taxonomy":"product_tag","embeddable":true,"href":"https:\/\/tienda.cetys.mx\/en\/wp-json\/wp\/v2\/product_tag?post=866"}],"curies":[{"name":"wp","href":"https:\/\/api.w.org\/{rel}","templated":true}]}}