{"id":1445,"date":"2026-02-17T18:26:27","date_gmt":"2026-02-18T01:26:27","guid":{"rendered":"https:\/\/tienda.cetys.mx\/?post_type=product&#038;p=1445"},"modified":"2026-02-17T18:39:03","modified_gmt":"2026-02-18T01:39:03","slug":"wine-marketing-program-mexico-2026-cevit-10","status":"publish","type":"product","link":"https:\/\/tienda.cetys.mx\/en\/product\/wine-marketing-program-mexico-2026-cevit-10\/","title":{"rendered":"Wine Marketing Program M\u00e9xico 2026 | CEVIT 10"},"content":{"rendered":"","protected":true},"excerpt":{"rendered":"","protected":true},"featured_media":1400,"comment_status":"closed","ping_status":"closed","template":"","meta":{"_et_pb_use_builder":"on","_et_pb_old_content":"<strong><span data-olk-copy-source=\"MessageBody\">Programa intensivo de 5 d\u00edas enfocado en estrategias de comercializaci\u00f3n, posicionamiento, distribuci\u00f3n y crecimiento para la industria vitivin\u00edcola mexicana, adaptado del emblem\u00e1tico programa de Wine Marketing de UC Davis.<\/span><\/strong>\r\n\r\nContacto de atenci\u00f3n\u00a0para dudas relacionadas con el evento. Contacto de Promoci\u00f3n\u00a0<a title=\"mailto:aranza.flores@cetys.mx\" href=\"mailto:aranza.flores@cetys.mx\" data-linkindex=\"0\">aranza.flores@cetys.mx<\/a>, contacto acad\u00e9mico\u00a0<a title=\"mailto:fernanda.luna@cetys.mx\" href=\"mailto:fernanda.luna@cetys.mx\" data-linkindex=\"1\">fernanda.luna@cetys.mx<\/a>","_et_gb_content_width":"","_price":"5400","_stock":null,"_tribe_ticket_header":"","_tribe_default_ticket_provider":"","_ticket_start_date":"","_ticket_end_date":"","_tribe_ticket_show_description":"","_tribe_ticket_show_not_going":false,"_tribe_ticket_use_global_stock":"","_tribe_ticket_global_stock_level":"","_global_stock_mode":"","_global_stock_cap":"","_tribe_rsvp_for_event":"","_tribe_ticket_going_count":"","_tribe_ticket_not_going_count":"","_tribe_tickets_list":"[]","_tribe_ticket_has_attendee_info_fields":false,"_tec_slr_enabled":"","_tec_slr_layout":"","_links_to":"","_links_to_target":""},"product_brand":[],"product_cat":[37],"product_tag":[],"class_list":{"0":"post-1445","1":"product","2":"type-product","3":"status-publish","4":"post-password-required","6":"product_cat-congresos","8":"first","9":"instock","10":"sale","11":"shipping-taxable","12":"purchasable","13":"product-type-variable"},"bundled_by":[],"bundle_stock_status":"instock","bundle_stock_quantity":null,"bundle_virtual":false,"bundle_layout":"","bundle_add_to_cart_form_location":"","bundle_editable_in_cart":false,"bundle_sold_individually_context":"","bundle_item_grouping":"","bundle_min_size":"","bundle_max_size":"","bundle_price":[],"bundled_items":[],"bundle_sell_ids":[],"yoast_head":"<!-- This site is optimized with the Yoast SEO plugin v27.0 - https:\/\/yoast.com\/product\/yoast-seo-wordpress\/ -->\n<title>Wine Marketing Program M\u00e9xico 2026 | CEVIT 10 - Tienda CETYS<\/title>\n<meta name=\"robots\" content=\"index, follow, max-snippet:-1, max-image-preview:large, max-video-preview:-1\" \/>\n<link rel=\"canonical\" href=\"https:\/\/tienda.cetys.mx\/en\/product\/wine-marketing-program-mexico-2026-cevit-10\/\" \/>\n<meta property=\"og:locale\" content=\"en_US\" \/>\n<meta property=\"og:type\" content=\"article\" \/>\n<meta property=\"og:title\" content=\"Wine Marketing Program M\u00e9xico 2026 | CEVIT 10 - Tienda CETYS\" \/>\n<meta property=\"og:description\" content=\"There is no excerpt because this is a protected post.\" \/>\n<meta property=\"og:url\" content=\"https:\/\/tienda.cetys.mx\/en\/product\/wine-marketing-program-mexico-2026-cevit-10\/\" \/>\n<meta property=\"og:site_name\" content=\"Tienda CETYS\" \/>\n<meta property=\"article:modified_time\" content=\"2026-02-18T01:39:03+00:00\" \/>\n<meta name=\"twitter:card\" content=\"summary_large_image\" \/>\n<meta name=\"twitter:label1\" content=\"Est. reading time\" \/>\n\t<meta name=\"twitter:data1\" content=\"2 minutes\" \/>\n<script type=\"application\/ld+json\" class=\"yoast-schema-graph\">{\"@context\":\"https:\/\/schema.org\",\"@graph\":[{\"@type\":\"WebPage\",\"@id\":\"https:\/\/tienda.cetys.mx\/producto\/wine-marketing-program-mexico-2026-cevit-10\/\",\"url\":\"https:\/\/tienda.cetys.mx\/producto\/wine-marketing-program-mexico-2026-cevit-10\/\",\"name\":\"Wine Marketing Program M\u00e9xico 2026 | CEVIT 10 - Tienda CETYS\",\"isPartOf\":{\"@id\":\"https:\/\/tienda.cetys.mx\/#website\"},\"datePublished\":\"2026-02-18T01:26:27+00:00\",\"dateModified\":\"2026-02-18T01:39:03+00:00\",\"breadcrumb\":{\"@id\":\"https:\/\/tienda.cetys.mx\/producto\/wine-marketing-program-mexico-2026-cevit-10\/#breadcrumb\"},\"inLanguage\":\"en-US\"},{\"@type\":\"WebSite\",\"@id\":\"https:\/\/tienda.cetys.mx\/#website\",\"url\":\"https:\/\/tienda.cetys.mx\/\",\"name\":\"Tienda CETYS\",\"description\":\"\",\"potentialAction\":[{\"@type\":\"SearchAction\",\"target\":{\"@type\":\"EntryPoint\",\"urlTemplate\":\"https:\/\/tienda.cetys.mx\/?s={search_term_string}\"},\"query-input\":{\"@type\":\"PropertyValueSpecification\",\"valueRequired\":true,\"valueName\":\"search_term_string\"}}],\"inLanguage\":\"en-US\"}]}<\/script>\n<!-- \/ Yoast SEO plugin. -->","yoast_head_json":{"title":"Wine Marketing Program M\u00e9xico 2026 | CEVIT 10 - Tienda CETYS","robots":{"index":"index","follow":"follow","max-snippet":"max-snippet:-1","max-image-preview":"max-image-preview:large","max-video-preview":"max-video-preview:-1"},"canonical":"https:\/\/tienda.cetys.mx\/en\/product\/wine-marketing-program-mexico-2026-cevit-10\/","og_locale":"en_US","og_type":"article","og_title":"Wine Marketing Program M\u00e9xico 2026 | CEVIT 10 - Tienda CETYS","og_description":"There is no excerpt because this is a protected post.","og_url":"https:\/\/tienda.cetys.mx\/en\/product\/wine-marketing-program-mexico-2026-cevit-10\/","og_site_name":"Tienda CETYS","article_modified_time":"2026-02-18T01:39:03+00:00","twitter_card":"summary_large_image","twitter_misc":{"Est. reading time":"2 minutes"},"schema":{"@context":"https:\/\/schema.org","@graph":[{"@type":"WebPage","@id":"https:\/\/tienda.cetys.mx\/producto\/wine-marketing-program-mexico-2026-cevit-10\/","url":"https:\/\/tienda.cetys.mx\/producto\/wine-marketing-program-mexico-2026-cevit-10\/","name":"Wine Marketing Program M\u00e9xico 2026 | CEVIT 10 - Tienda CETYS","isPartOf":{"@id":"https:\/\/tienda.cetys.mx\/#website"},"datePublished":"2026-02-18T01:26:27+00:00","dateModified":"2026-02-18T01:39:03+00:00","breadcrumb":{"@id":"https:\/\/tienda.cetys.mx\/producto\/wine-marketing-program-mexico-2026-cevit-10\/#breadcrumb"},"inLanguage":"en-US"},{"@type":"WebSite","@id":"https:\/\/tienda.cetys.mx\/#website","url":"https:\/\/tienda.cetys.mx\/","name":"Tienda CETYS","description":"","potentialAction":[{"@type":"SearchAction","target":{"@type":"EntryPoint","urlTemplate":"https:\/\/tienda.cetys.mx\/?s={search_term_string}"},"query-input":{"@type":"PropertyValueSpecification","valueRequired":true,"valueName":"search_term_string"}}],"inLanguage":"en-US"}]}},"jetpack_sharing_enabled":true,"_links":{"self":[{"href":"https:\/\/tienda.cetys.mx\/en\/wp-json\/wp\/v2\/product\/1445","targetHints":{"allow":["GET"]}}],"collection":[{"href":"https:\/\/tienda.cetys.mx\/en\/wp-json\/wp\/v2\/product"}],"about":[{"href":"https:\/\/tienda.cetys.mx\/en\/wp-json\/wp\/v2\/types\/product"}],"replies":[{"embeddable":true,"href":"https:\/\/tienda.cetys.mx\/en\/wp-json\/wp\/v2\/comments?post=1445"}],"wp:featuredmedia":[{"embeddable":true,"href":"https:\/\/tienda.cetys.mx\/en\/wp-json\/wp\/v2\/media\/1400"}],"wp:attachment":[{"href":"https:\/\/tienda.cetys.mx\/en\/wp-json\/wp\/v2\/media?parent=1445"}],"wp:term":[{"taxonomy":"product_brand","embeddable":true,"href":"https:\/\/tienda.cetys.mx\/en\/wp-json\/wp\/v2\/product_brand?post=1445"},{"taxonomy":"product_cat","embeddable":true,"href":"https:\/\/tienda.cetys.mx\/en\/wp-json\/wp\/v2\/product_cat?post=1445"},{"taxonomy":"product_tag","embeddable":true,"href":"https:\/\/tienda.cetys.mx\/en\/wp-json\/wp\/v2\/product_tag?post=1445"}],"curies":[{"name":"wp","href":"https:\/\/api.w.org\/{rel}","templated":true}]}}