{"id":1421,"date":"2026-02-09T22:46:03","date_gmt":"2026-02-10T05:46:03","guid":{"rendered":"https:\/\/tienda.cetys.mx\/?post_type=product&#038;p=1421"},"modified":"2026-04-29T13:50:10","modified_gmt":"2026-04-29T20:50:10","slug":"wine-marketing-program-mexico","status":"publish","type":"product","link":"https:\/\/tienda.cetys.mx\/en\/product\/wine-marketing-program-mexico\/","title":{"rendered":"Wine Marketing Program M\u00e9xico 2026"},"content":{"rendered":"<p>[et_pb_section fb_built=&#8221;1&#8243; _builder_version=&#8221;4.16&#8243; custom_padding=&#8221;0px||||false|false&#8221; global_colors_info=&#8221;{}&#8221;][et_pb_row _builder_version=&#8221;4.16&#8243; background_size=&#8221;initial&#8221; background_position=&#8221;top_left&#8221; background_repeat=&#8221;repeat&#8221; width=&#8221;100%&#8221; custom_padding=&#8221;0px||0px||false|false&#8221; global_colors_info=&#8221;{}&#8221;][et_pb_column type=&#8221;4_4&#8243; _builder_version=&#8221;4.16&#8243; custom_padding=&#8221;|||&#8221; global_colors_info=&#8221;{}&#8221; custom_padding__hover=&#8221;|||&#8221;][et_pb_wc_breadcrumb _builder_version=&#8221;4.16&#8243; global_colors_info=&#8221;{}&#8221;][\/et_pb_wc_breadcrumb][et_pb_wc_cart_notice _builder_version=&#8221;4.16&#8243; global_colors_info=&#8221;{}&#8221;][\/et_pb_wc_cart_notice][\/et_pb_column][\/et_pb_row][et_pb_row column_structure=&#8221;1_2,1_2&#8243; _builder_version=&#8221;4.16&#8243; background_size=&#8221;initial&#8221; background_position=&#8221;top_left&#8221; background_repeat=&#8221;repeat&#8221; width=&#8221;100%&#8221; custom_padding=&#8221;0px||||false|false&#8221; global_colors_info=&#8221;{}&#8221;][et_pb_column type=&#8221;1_2&#8243; _builder_version=&#8221;4.16&#8243; custom_padding=&#8221;|||&#8221; global_colors_info=&#8221;{}&#8221; custom_padding__hover=&#8221;|||&#8221;][et_pb_wc_images _builder_version=&#8221;4.16&#8243; global_colors_info=&#8221;{}&#8221;][\/et_pb_wc_images][et_pb_video src=&#8221;https:\/\/tienda.cetys.mx\/wp-content\/uploads\/2026\/02\/video-output-E25F7026-A08D-446A-98AF-ACF4983AF2E4-1.mov&#8221; _builder_version=&#8221;4.27.4&#8243; _module_preset=&#8221;default&#8221; global_colors_info=&#8221;{}&#8221;][\/et_pb_video][\/et_pb_column][et_pb_column type=&#8221;1_2&#8243; _builder_version=&#8221;4.16&#8243; custom_padding=&#8221;|||&#8221; global_colors_info=&#8221;{}&#8221; custom_padding__hover=&#8221;|||&#8221;][et_pb_wc_title _builder_version=&#8221;4.16&#8243; global_colors_info=&#8221;{}&#8221;][\/et_pb_wc_title][et_pb_wc_rating _builder_version=&#8221;4.16&#8243; global_colors_info=&#8221;{}&#8221;][\/et_pb_wc_rating][et_pb_wc_price _builder_version=&#8221;4.16&#8243; global_colors_info=&#8221;{}&#8221;][\/et_pb_wc_price][et_pb_wc_description _builder_version=&#8221;4.16&#8243; global_colors_info=&#8221;{}&#8221;][\/et_pb_wc_description][et_pb_wc_add_to_cart _builder_version=&#8221;4.16&#8243; global_colors_info=&#8221;{}&#8221;][\/et_pb_wc_add_to_cart][et_pb_wc_meta _builder_version=&#8221;4.16&#8243; global_colors_info=&#8221;{}&#8221;][\/et_pb_wc_meta][\/et_pb_column][\/et_pb_row][et_pb_row _builder_version=&#8221;4.16&#8243; background_size=&#8221;initial&#8221; background_position=&#8221;top_left&#8221; background_repeat=&#8221;repeat&#8221; width=&#8221;100%&#8221; global_colors_info=&#8221;{}&#8221;][et_pb_column type=&#8221;4_4&#8243; _builder_version=&#8221;4.16&#8243; custom_padding=&#8221;|||&#8221; global_colors_info=&#8221;{}&#8221; custom_padding__hover=&#8221;|||&#8221;][et_pb_wc_tabs _builder_version=&#8221;4.16&#8243; global_colors_info=&#8221;{}&#8221;]\t\t\t\t\t[\/et_pb_wc_tabs][et_pb_wc_upsells _builder_version=&#8221;4.16&#8243; global_colors_info=&#8221;{}&#8221;][\/et_pb_wc_upsells][et_pb_wc_related_products _builder_version=&#8221;4.16&#8243; global_colors_info=&#8221;{}&#8221;][\/et_pb_wc_related_products][\/et_pb_column][\/et_pb_row][\/et_pb_section]<\/p>\n","protected":false},"excerpt":{"rendered":"<p>Programa intensivo en colaboraci\u00f3n con UC Davis Continuing &amp; Professional Education y CETYS Universidad &#8211; Centro de Estudios Vitivin\u00edcolas (CEVIT). Sede: CEVIT \u2013 CETYS Universidad, Campus Internacional Ensenada, Baja California.<\/p>\n<p><em><span style=\"font-family: 'Arial',sans-serif;\">The UC Davis Continuing and Professional Education Wine Marketing Program has been specifically adapted to address wine marketing practices in Mexico. The program curriculum was developed by UC Davis and is delivered by CETYS University under UC Davis Continuing and Professional Education\u2019s academic and quality standards.<\/span><\/em><\/p>","protected":false},"featured_media":1400,"comment_status":"closed","ping_status":"closed","template":"","meta":{"_et_pb_use_builder":"on","_et_pb_old_content":"<strong><span data-olk-copy-source=\"MessageBody\">Programa intensivo de 5 d\u00edas enfocado en estrategias de comercializaci\u00f3n, posicionamiento, distribuci\u00f3n y crecimiento para la industria vitivin\u00edcola mexicana, adaptado del emblem\u00e1tico programa de Wine Marketing de UC Davis.<\/span><\/strong>\r\n\r\nContacto de atenci\u00f3n\u00a0para dudas relacionadas con el evento.\r\n<ul>\r\n \t<li>Contacto de Promoci\u00f3n\u00a0<a title=\"mailto:aranza.flores@cetys.mx\" href=\"mailto:aranza.flores@cetys.mx\" data-linkindex=\"0\">aranza.flores@cetys.mx<\/a><\/li>\r\n \t<li>Contacto Acad\u00e9mico <a title=\"mailto:fernanda.luna@cetys.mx\" href=\"mailto:fernanda.luna@cetys.mx\" data-linkindex=\"1\">fernanda.luna@cetys.mx<\/a><\/li>\r\n \t<li>Coctancto de Facturaci\u00f3n y Cancelacion <a href=\"mailto:miriam.mejia@cetys.mx\">miriam.mejia@cetys.mx<\/a><\/li>\r\n<\/ul>","_et_gb_content_width":"","_price":"5400","_stock":"","_tribe_ticket_header":"","_tribe_default_ticket_provider":"","_ticket_start_date":"","_ticket_end_date":"","_tribe_ticket_show_description":"","_tribe_ticket_show_not_going":false,"_tribe_ticket_use_global_stock":"","_tribe_ticket_global_stock_level":"","_global_stock_mode":"","_global_stock_cap":"","_tribe_rsvp_for_event":"","_tribe_ticket_going_count":"","_tribe_ticket_not_going_count":"","_tribe_tickets_list":"[]","_tribe_ticket_has_attendee_info_fields":false,"_tec_slr_enabled":"","_tec_slr_layout":"","_links_to":"","_links_to_target":""},"product_brand":[],"product_cat":[37],"product_tag":[],"class_list":{"0":"post-1421","1":"product","2":"type-product","3":"status-publish","4":"has-post-thumbnail","6":"product_cat-congresos","8":"first","9":"instock","10":"sale","11":"shipping-taxable","12":"purchasable","13":"product-type-variable"},"bundled_by":[],"bundle_stock_status":"instock","bundle_stock_quantity":null,"bundle_virtual":false,"bundle_layout":"","bundle_add_to_cart_form_location":"","bundle_editable_in_cart":false,"bundle_sold_individually_context":"","bundle_item_grouping":"","bundle_min_size":"","bundle_max_size":"","bundle_price":[],"bundled_items":[],"bundle_sell_ids":[],"yoast_head":"<!-- This site is optimized with the Yoast SEO plugin v27.0 - https:\/\/yoast.com\/product\/yoast-seo-wordpress\/ -->\n<title>Wine Marketing Program M\u00e9xico 2026 - Tienda CETYS<\/title>\n<meta name=\"robots\" content=\"index, follow, max-snippet:-1, max-image-preview:large, max-video-preview:-1\" \/>\n<link rel=\"canonical\" href=\"https:\/\/tienda.cetys.mx\/en\/product\/wine-marketing-program-mexico\/\" \/>\n<meta property=\"og:locale\" content=\"en_US\" \/>\n<meta property=\"og:type\" content=\"article\" \/>\n<meta property=\"og:title\" content=\"Wine Marketing Program M\u00e9xico 2026 - Tienda CETYS\" \/>\n<meta property=\"og:description\" content=\"Programa intensivo en colaboraci\u00f3n con UC Davis Continuing &amp; Professional Education y CETYS Universidad - Centro de Estudios Vitivin\u00edcolas (CEVIT). Sede: CEVIT \u2013 CETYS Universidad, Campus Internacional Ensenada, Baja California.  The UC Davis Continuing and Professional Education Wine Marketing Program has been specifically adapted to address wine marketing practices in Mexico. The program curriculum was developed by UC Davis and is delivered by CETYS University under UC Davis Continuing and Professional Education\u2019s academic and quality standards.\" \/>\n<meta property=\"og:url\" content=\"https:\/\/tienda.cetys.mx\/en\/product\/wine-marketing-program-mexico\/\" \/>\n<meta property=\"og:site_name\" content=\"Tienda CETYS\" \/>\n<meta property=\"article:modified_time\" content=\"2026-04-29T20:50:10+00:00\" \/>\n<meta property=\"og:image\" content=\"https:\/\/tienda.cetys.mx\/wp-content\/uploads\/2026\/02\/UC.DAVIS_.jpeg\" \/>\n\t<meta property=\"og:image:width\" content=\"1024\" \/>\n\t<meta property=\"og:image:height\" content=\"1280\" \/>\n\t<meta property=\"og:image:type\" content=\"image\/jpeg\" \/>\n<meta name=\"twitter:card\" content=\"summary_large_image\" \/>\n<meta name=\"twitter:label1\" content=\"Est. reading time\" \/>\n\t<meta name=\"twitter:data1\" content=\"2 minutes\" \/>\n<script type=\"application\/ld+json\" class=\"yoast-schema-graph\">{\"@context\":\"https:\/\/schema.org\",\"@graph\":[{\"@type\":\"WebPage\",\"@id\":\"https:\/\/tienda.cetys.mx\/producto\/wine-marketing-program-mexico\/\",\"url\":\"https:\/\/tienda.cetys.mx\/producto\/wine-marketing-program-mexico\/\",\"name\":\"Wine Marketing Program M\u00e9xico 2026 - Tienda CETYS\",\"isPartOf\":{\"@id\":\"https:\/\/tienda.cetys.mx\/#website\"},\"primaryImageOfPage\":{\"@id\":\"https:\/\/tienda.cetys.mx\/producto\/wine-marketing-program-mexico\/#primaryimage\"},\"image\":{\"@id\":\"https:\/\/tienda.cetys.mx\/producto\/wine-marketing-program-mexico\/#primaryimage\"},\"thumbnailUrl\":\"https:\/\/tienda.cetys.mx\/wp-content\/uploads\/2026\/02\/UC.DAVIS_.jpeg\",\"datePublished\":\"2026-02-10T05:46:03+00:00\",\"dateModified\":\"2026-04-29T20:50:10+00:00\",\"breadcrumb\":{\"@id\":\"https:\/\/tienda.cetys.mx\/producto\/wine-marketing-program-mexico\/#breadcrumb\"},\"inLanguage\":\"en-US\",\"potentialAction\":[{\"@type\":\"ReadAction\",\"target\":[\"https:\/\/tienda.cetys.mx\/producto\/wine-marketing-program-mexico\/\"]}]},{\"@type\":\"ImageObject\",\"inLanguage\":\"en-US\",\"@id\":\"https:\/\/tienda.cetys.mx\/producto\/wine-marketing-program-mexico\/#primaryimage\",\"url\":\"https:\/\/tienda.cetys.mx\/wp-content\/uploads\/2026\/02\/UC.DAVIS_.jpeg\",\"contentUrl\":\"https:\/\/tienda.cetys.mx\/wp-content\/uploads\/2026\/02\/UC.DAVIS_.jpeg\",\"width\":1024,\"height\":1280},{\"@type\":\"BreadcrumbList\",\"@id\":\"https:\/\/tienda.cetys.mx\/producto\/wine-marketing-program-mexico\/#breadcrumb\",\"itemListElement\":[{\"@type\":\"ListItem\",\"position\":1,\"name\":\"Home\",\"item\":\"https:\/\/tienda.cetys.mx\/\"},{\"@type\":\"ListItem\",\"position\":2,\"name\":\"Tienda\",\"item\":\"https:\/\/tienda.cetys.mx\/tienda\/\"},{\"@type\":\"ListItem\",\"position\":3,\"name\":\"Wine Marketing Program M\u00e9xico 2026\"}]},{\"@type\":\"WebSite\",\"@id\":\"https:\/\/tienda.cetys.mx\/#website\",\"url\":\"https:\/\/tienda.cetys.mx\/\",\"name\":\"Tienda CETYS\",\"description\":\"\",\"potentialAction\":[{\"@type\":\"SearchAction\",\"target\":{\"@type\":\"EntryPoint\",\"urlTemplate\":\"https:\/\/tienda.cetys.mx\/?s={search_term_string}\"},\"query-input\":{\"@type\":\"PropertyValueSpecification\",\"valueRequired\":true,\"valueName\":\"search_term_string\"}}],\"inLanguage\":\"en-US\"}]}<\/script>\n<!-- \/ Yoast SEO plugin. -->","yoast_head_json":{"title":"Wine Marketing Program M\u00e9xico 2026 - Tienda CETYS","robots":{"index":"index","follow":"follow","max-snippet":"max-snippet:-1","max-image-preview":"max-image-preview:large","max-video-preview":"max-video-preview:-1"},"canonical":"https:\/\/tienda.cetys.mx\/en\/product\/wine-marketing-program-mexico\/","og_locale":"en_US","og_type":"article","og_title":"Wine Marketing Program M\u00e9xico 2026 - Tienda CETYS","og_description":"Programa intensivo en colaboraci\u00f3n con UC Davis Continuing &amp; Professional Education y CETYS Universidad - Centro de Estudios Vitivin\u00edcolas (CEVIT). Sede: CEVIT \u2013 CETYS Universidad, Campus Internacional Ensenada, Baja California.  The UC Davis Continuing and Professional Education Wine Marketing Program has been specifically adapted to address wine marketing practices in Mexico. The program curriculum was developed by UC Davis and is delivered by CETYS University under UC Davis Continuing and Professional Education\u2019s academic and quality standards.","og_url":"https:\/\/tienda.cetys.mx\/en\/product\/wine-marketing-program-mexico\/","og_site_name":"Tienda CETYS","article_modified_time":"2026-04-29T20:50:10+00:00","og_image":[{"width":1024,"height":1280,"url":"https:\/\/tienda.cetys.mx\/wp-content\/uploads\/2026\/02\/UC.DAVIS_.jpeg","type":"image\/jpeg"}],"twitter_card":"summary_large_image","twitter_misc":{"Est. reading time":"2 minutes"},"schema":{"@context":"https:\/\/schema.org","@graph":[{"@type":"WebPage","@id":"https:\/\/tienda.cetys.mx\/producto\/wine-marketing-program-mexico\/","url":"https:\/\/tienda.cetys.mx\/producto\/wine-marketing-program-mexico\/","name":"Wine Marketing Program M\u00e9xico 2026 - Tienda CETYS","isPartOf":{"@id":"https:\/\/tienda.cetys.mx\/#website"},"primaryImageOfPage":{"@id":"https:\/\/tienda.cetys.mx\/producto\/wine-marketing-program-mexico\/#primaryimage"},"image":{"@id":"https:\/\/tienda.cetys.mx\/producto\/wine-marketing-program-mexico\/#primaryimage"},"thumbnailUrl":"https:\/\/tienda.cetys.mx\/wp-content\/uploads\/2026\/02\/UC.DAVIS_.jpeg","datePublished":"2026-02-10T05:46:03+00:00","dateModified":"2026-04-29T20:50:10+00:00","breadcrumb":{"@id":"https:\/\/tienda.cetys.mx\/producto\/wine-marketing-program-mexico\/#breadcrumb"},"inLanguage":"en-US","potentialAction":[{"@type":"ReadAction","target":["https:\/\/tienda.cetys.mx\/producto\/wine-marketing-program-mexico\/"]}]},{"@type":"ImageObject","inLanguage":"en-US","@id":"https:\/\/tienda.cetys.mx\/producto\/wine-marketing-program-mexico\/#primaryimage","url":"https:\/\/tienda.cetys.mx\/wp-content\/uploads\/2026\/02\/UC.DAVIS_.jpeg","contentUrl":"https:\/\/tienda.cetys.mx\/wp-content\/uploads\/2026\/02\/UC.DAVIS_.jpeg","width":1024,"height":1280},{"@type":"BreadcrumbList","@id":"https:\/\/tienda.cetys.mx\/producto\/wine-marketing-program-mexico\/#breadcrumb","itemListElement":[{"@type":"ListItem","position":1,"name":"Home","item":"https:\/\/tienda.cetys.mx\/"},{"@type":"ListItem","position":2,"name":"Tienda","item":"https:\/\/tienda.cetys.mx\/tienda\/"},{"@type":"ListItem","position":3,"name":"Wine Marketing Program M\u00e9xico 2026"}]},{"@type":"WebSite","@id":"https:\/\/tienda.cetys.mx\/#website","url":"https:\/\/tienda.cetys.mx\/","name":"Tienda CETYS","description":"","potentialAction":[{"@type":"SearchAction","target":{"@type":"EntryPoint","urlTemplate":"https:\/\/tienda.cetys.mx\/?s={search_term_string}"},"query-input":{"@type":"PropertyValueSpecification","valueRequired":true,"valueName":"search_term_string"}}],"inLanguage":"en-US"}]}},"jetpack_sharing_enabled":true,"_links":{"self":[{"href":"https:\/\/tienda.cetys.mx\/en\/wp-json\/wp\/v2\/product\/1421","targetHints":{"allow":["GET"]}}],"collection":[{"href":"https:\/\/tienda.cetys.mx\/en\/wp-json\/wp\/v2\/product"}],"about":[{"href":"https:\/\/tienda.cetys.mx\/en\/wp-json\/wp\/v2\/types\/product"}],"replies":[{"embeddable":true,"href":"https:\/\/tienda.cetys.mx\/en\/wp-json\/wp\/v2\/comments?post=1421"}],"wp:featuredmedia":[{"embeddable":true,"href":"https:\/\/tienda.cetys.mx\/en\/wp-json\/wp\/v2\/media\/1400"}],"wp:attachment":[{"href":"https:\/\/tienda.cetys.mx\/en\/wp-json\/wp\/v2\/media?parent=1421"}],"wp:term":[{"taxonomy":"product_brand","embeddable":true,"href":"https:\/\/tienda.cetys.mx\/en\/wp-json\/wp\/v2\/product_brand?post=1421"},{"taxonomy":"product_cat","embeddable":true,"href":"https:\/\/tienda.cetys.mx\/en\/wp-json\/wp\/v2\/product_cat?post=1421"},{"taxonomy":"product_tag","embeddable":true,"href":"https:\/\/tienda.cetys.mx\/en\/wp-json\/wp\/v2\/product_tag?post=1421"}],"curies":[{"name":"wp","href":"https:\/\/api.w.org\/{rel}","templated":true}]}}