{"id":1407,"date":"2026-02-09T21:12:06","date_gmt":"2026-02-10T04:12:06","guid":{"rendered":"https:\/\/tienda.cetys.mx\/?post_type=product&#038;p=1407"},"modified":"2026-02-09T22:39:34","modified_gmt":"2026-02-10T05:39:34","slug":"brewed","status":"publish","type":"product","link":"https:\/\/tienda.cetys.mx\/en\/product\/brewed\/","title":{"rendered":"BrewEd"},"content":{"rendered":"<p>[et_pb_section fb_built=&#8221;1&#8243; _builder_version=&#8221;4.16&#8243; custom_padding=&#8221;0px||||false|false&#8221; global_colors_info=&#8221;{}&#8221;][et_pb_row _builder_version=&#8221;4.16&#8243; background_size=&#8221;initial&#8221; background_position=&#8221;top_left&#8221; background_repeat=&#8221;repeat&#8221; width=&#8221;100%&#8221; custom_padding=&#8221;0px||0px||false|false&#8221; global_colors_info=&#8221;{}&#8221;][et_pb_column type=&#8221;4_4&#8243; _builder_version=&#8221;4.16&#8243; custom_padding=&#8221;|||&#8221; global_colors_info=&#8221;{}&#8221; custom_padding__hover=&#8221;|||&#8221;][et_pb_wc_breadcrumb _builder_version=&#8221;4.16&#8243; global_colors_info=&#8221;{}&#8221;][\/et_pb_wc_breadcrumb][et_pb_wc_cart_notice _builder_version=&#8221;4.16&#8243; global_colors_info=&#8221;{}&#8221;][\/et_pb_wc_cart_notice][\/et_pb_column][\/et_pb_row][et_pb_row column_structure=&#8221;1_2,1_2&#8243; _builder_version=&#8221;4.16&#8243; background_size=&#8221;initial&#8221; background_position=&#8221;top_left&#8221; background_repeat=&#8221;repeat&#8221; width=&#8221;100%&#8221; custom_padding=&#8221;0px||||false|false&#8221; global_colors_info=&#8221;{}&#8221;][et_pb_column type=&#8221;1_2&#8243; _builder_version=&#8221;4.16&#8243; custom_padding=&#8221;|||&#8221; global_colors_info=&#8221;{}&#8221; custom_padding__hover=&#8221;|||&#8221;][et_pb_wc_images _builder_version=&#8221;4.16&#8243; global_colors_info=&#8221;{}&#8221;][\/et_pb_wc_images][et_pb_text _builder_version=&#8221;4.27.4&#8243; _module_preset=&#8221;default&#8221; text_orientation=&#8221;justified&#8221; header_2_font=&#8221;|700|||||||&#8221; header_2_text_align=&#8221;left&#8221; header_4_font=&#8221;|700|||||||&#8221; header_4_text_align=&#8221;left&#8221; hover_enabled=&#8221;0&#8243; sticky_enabled=&#8221;0&#8243;]<\/p>\n<h2>BrewEd Maridaje Experience: Aperitivo Cultural<\/h2>\n<p>Vive una experiencia \u00fanica que celebra la riqueza de la gastronom\u00eda local y la creatividad de la cerveza artesanal, dos sellos distintivos de Mexicali. Este maridaje no solo es un encuentro culinario, sino tambi\u00e9n un homenaje a nuestros egresados de CETYS que, como empresarios y emprendedores, impulsan proyectos que fortalecen la identidad y el desarrollo de nuestra regi\u00f3n. A trav\u00e9s de <strong>BrewEd<\/strong>, iniciativa que integra cultura cervecera artesanal, educaci\u00f3n, gastronom\u00eda y arte, te invitamos a disfrutar un <strong>aperitivo cultural<\/strong> que conecta tradici\u00f3n, innovaci\u00f3n y comunidad. Una oportunidad para degustar, aprender y brindar por lo que nos une: la pasi\u00f3n por crear experiencias con identidad propia.<\/p>\n<h4>BrewEd Maridaje Experience + Aperitivo Cultural<\/h4>\n<p>28 de febrero del 2026<br \/>Escuela de Negocios + Alumni<\/p>\n<p>[\/et_pb_text][\/et_pb_column][et_pb_column type=&#8221;1_2&#8243; _builder_version=&#8221;4.16&#8243; custom_padding=&#8221;|||&#8221; global_colors_info=&#8221;{}&#8221; custom_padding__hover=&#8221;|||&#8221;][et_pb_wc_title _builder_version=&#8221;4.16&#8243; global_colors_info=&#8221;{}&#8221;][\/et_pb_wc_title][et_pb_wc_rating _builder_version=&#8221;4.16&#8243; global_colors_info=&#8221;{}&#8221;][\/et_pb_wc_rating][et_pb_wc_price _builder_version=&#8221;4.16&#8243; global_colors_info=&#8221;{}&#8221;][\/et_pb_wc_price][et_pb_wc_description _builder_version=&#8221;4.16&#8243; global_colors_info=&#8221;{}&#8221;][\/et_pb_wc_description][et_pb_wc_add_to_cart _builder_version=&#8221;4.16&#8243; global_colors_info=&#8221;{}&#8221;][\/et_pb_wc_add_to_cart][et_pb_wc_meta _builder_version=&#8221;4.16&#8243; global_colors_info=&#8221;{}&#8221;][\/et_pb_wc_meta][et_pb_video src=&#8221;https:\/\/tienda.cetys.mx\/wp-content\/uploads\/2026\/01\/cetys-sume-x-cetys.mp4&#8243; _builder_version=&#8221;4.27.4&#8243; _module_preset=&#8221;default&#8221; title_text=&#8221;cetys-sume-x-cetys&#8221; border_radii=&#8221;on|3px|3px|3px|3px&#8221; hover_enabled=&#8221;0&#8243; sticky_enabled=&#8221;0&#8243;][\/et_pb_video][\/et_pb_column][\/et_pb_row][et_pb_row _builder_version=&#8221;4.27.4&#8243; background_size=&#8221;initial&#8221; background_position=&#8221;top_left&#8221; background_repeat=&#8221;repeat&#8221; width=&#8221;100%&#8221; hover_enabled=&#8221;0&#8243; global_colors_info=&#8221;{}&#8221; disabled_on=&#8221;on|on|on&#8221; disabled=&#8221;on&#8221; sticky_enabled=&#8221;0&#8243;][et_pb_column type=&#8221;4_4&#8243; _builder_version=&#8221;4.16&#8243; custom_padding=&#8221;|||&#8221; global_colors_info=&#8221;{}&#8221; custom_padding__hover=&#8221;|||&#8221;][et_pb_wc_tabs _builder_version=&#8221;4.16&#8243; global_colors_info=&#8221;{}&#8221;]\t\t\t\t\t[\/et_pb_wc_tabs][et_pb_wc_upsells _builder_version=&#8221;4.16&#8243; global_colors_info=&#8221;{}&#8221;][\/et_pb_wc_upsells][et_pb_wc_related_products _builder_version=&#8221;4.16&#8243; global_colors_info=&#8221;{}&#8221;][\/et_pb_wc_related_products][\/et_pb_column][\/et_pb_row][\/et_pb_section]<\/p>\n","protected":false},"excerpt":{"rendered":"<p>BrewEd Maridaje Experience: Aperitivo Cultural Vive una experiencia \u00fanica que celebra la riqueza de la gastronom\u00eda local y la creatividad de la cerveza artesanal, dos sellos distintivos de Mexicali. Este [&hellip;]<\/p>\n","protected":false},"featured_media":1386,"comment_status":"closed","ping_status":"closed","template":"","meta":{"_et_pb_use_builder":"on","_et_pb_old_content":"","_et_gb_content_width":"","_price":"1800","_stock":null,"_tribe_ticket_header":"","_tribe_default_ticket_provider":"","_ticket_start_date":"","_ticket_end_date":"","_tribe_ticket_show_description":"","_tribe_ticket_show_not_going":false,"_tribe_ticket_use_global_stock":"","_tribe_ticket_global_stock_level":"","_global_stock_mode":"","_global_stock_cap":"","_tribe_rsvp_for_event":"","_tribe_ticket_going_count":"","_tribe_ticket_not_going_count":"","_tribe_tickets_list":"[]","_tribe_ticket_has_attendee_info_fields":false,"_tec_slr_enabled":"","_tec_slr_layout":"","_links_to":"","_links_to_target":""},"product_brand":[],"product_cat":[39],"product_tag":[],"class_list":{"0":"post-1407","1":"product","2":"type-product","3":"status-publish","4":"has-post-thumbnail","6":"product_cat-eventos-culturales","8":"first","9":"instock","10":"shipping-taxable","11":"purchasable","12":"product-type-simple"},"bundled_by":[],"bundle_stock_status":"instock","bundle_stock_quantity":null,"bundle_virtual":false,"bundle_layout":"","bundle_add_to_cart_form_location":"","bundle_editable_in_cart":false,"bundle_sold_individually_context":"","bundle_item_grouping":"","bundle_min_size":"","bundle_max_size":"","bundle_price":[],"bundled_items":[],"bundle_sell_ids":[],"yoast_head":"<!-- This site is optimized with the Yoast SEO plugin v27.0 - https:\/\/yoast.com\/product\/yoast-seo-wordpress\/ -->\n<title>BrewEd - Tienda CETYS<\/title>\n<meta name=\"robots\" content=\"index, follow, max-snippet:-1, max-image-preview:large, max-video-preview:-1\" \/>\n<link rel=\"canonical\" href=\"https:\/\/tienda.cetys.mx\/en\/product\/brewed\/\" \/>\n<meta property=\"og:locale\" content=\"en_US\" \/>\n<meta property=\"og:type\" content=\"article\" \/>\n<meta property=\"og:title\" content=\"BrewEd - Tienda CETYS\" \/>\n<meta property=\"og:description\" content=\"BrewEd Maridaje Experience: Aperitivo Cultural Vive una experiencia \u00fanica que celebra la riqueza de la gastronom\u00eda local y la creatividad de la cerveza artesanal, dos sellos distintivos de Mexicali. Este [&hellip;]\" \/>\n<meta property=\"og:url\" content=\"https:\/\/tienda.cetys.mx\/en\/product\/brewed\/\" \/>\n<meta property=\"og:site_name\" content=\"Tienda CETYS\" \/>\n<meta property=\"article:modified_time\" content=\"2026-02-10T05:39:34+00:00\" \/>\n<meta property=\"og:image\" content=\"https:\/\/tienda.cetys.mx\/wp-content\/uploads\/2025\/12\/banner-brews-cobro.png\" \/>\n\t<meta property=\"og:image:width\" content=\"920\" \/>\n\t<meta property=\"og:image:height\" content=\"640\" \/>\n\t<meta property=\"og:image:type\" content=\"image\/png\" \/>\n<meta name=\"twitter:card\" content=\"summary_large_image\" \/>\n<meta name=\"twitter:label1\" content=\"Est. reading time\" \/>\n\t<meta name=\"twitter:data1\" content=\"1 minute\" \/>\n<script type=\"application\/ld+json\" class=\"yoast-schema-graph\">{\"@context\":\"https:\/\/schema.org\",\"@graph\":[{\"@type\":\"WebPage\",\"@id\":\"https:\/\/tienda.cetys.mx\/producto\/brewed\/\",\"url\":\"https:\/\/tienda.cetys.mx\/producto\/brewed\/\",\"name\":\"BrewEd - Tienda CETYS\",\"isPartOf\":{\"@id\":\"https:\/\/tienda.cetys.mx\/#website\"},\"primaryImageOfPage\":{\"@id\":\"https:\/\/tienda.cetys.mx\/producto\/brewed\/#primaryimage\"},\"image\":{\"@id\":\"https:\/\/tienda.cetys.mx\/producto\/brewed\/#primaryimage\"},\"thumbnailUrl\":\"https:\/\/tienda.cetys.mx\/wp-content\/uploads\/2025\/12\/banner-brews-cobro.png\",\"datePublished\":\"2026-02-10T04:12:06+00:00\",\"dateModified\":\"2026-02-10T05:39:34+00:00\",\"breadcrumb\":{\"@id\":\"https:\/\/tienda.cetys.mx\/producto\/brewed\/#breadcrumb\"},\"inLanguage\":\"en-US\",\"potentialAction\":[{\"@type\":\"ReadAction\",\"target\":[\"https:\/\/tienda.cetys.mx\/producto\/brewed\/\"]}]},{\"@type\":\"ImageObject\",\"inLanguage\":\"en-US\",\"@id\":\"https:\/\/tienda.cetys.mx\/producto\/brewed\/#primaryimage\",\"url\":\"https:\/\/tienda.cetys.mx\/wp-content\/uploads\/2025\/12\/banner-brews-cobro.png\",\"contentUrl\":\"https:\/\/tienda.cetys.mx\/wp-content\/uploads\/2025\/12\/banner-brews-cobro.png\",\"width\":920,\"height\":640},{\"@type\":\"BreadcrumbList\",\"@id\":\"https:\/\/tienda.cetys.mx\/producto\/brewed\/#breadcrumb\",\"itemListElement\":[{\"@type\":\"ListItem\",\"position\":1,\"name\":\"Home\",\"item\":\"https:\/\/tienda.cetys.mx\/\"},{\"@type\":\"ListItem\",\"position\":2,\"name\":\"Tienda\",\"item\":\"https:\/\/tienda.cetys.mx\/tienda\/\"},{\"@type\":\"ListItem\",\"position\":3,\"name\":\"BrewEd\"}]},{\"@type\":\"WebSite\",\"@id\":\"https:\/\/tienda.cetys.mx\/#website\",\"url\":\"https:\/\/tienda.cetys.mx\/\",\"name\":\"Tienda CETYS\",\"description\":\"\",\"potentialAction\":[{\"@type\":\"SearchAction\",\"target\":{\"@type\":\"EntryPoint\",\"urlTemplate\":\"https:\/\/tienda.cetys.mx\/?s={search_term_string}\"},\"query-input\":{\"@type\":\"PropertyValueSpecification\",\"valueRequired\":true,\"valueName\":\"search_term_string\"}}],\"inLanguage\":\"en-US\"}]}<\/script>\n<!-- \/ Yoast SEO plugin. -->","yoast_head_json":{"title":"BrewEd - Tienda CETYS","robots":{"index":"index","follow":"follow","max-snippet":"max-snippet:-1","max-image-preview":"max-image-preview:large","max-video-preview":"max-video-preview:-1"},"canonical":"https:\/\/tienda.cetys.mx\/en\/product\/brewed\/","og_locale":"en_US","og_type":"article","og_title":"BrewEd - Tienda CETYS","og_description":"BrewEd Maridaje Experience: Aperitivo Cultural Vive una experiencia \u00fanica que celebra la riqueza de la gastronom\u00eda local y la creatividad de la cerveza artesanal, dos sellos distintivos de Mexicali. Este [&hellip;]","og_url":"https:\/\/tienda.cetys.mx\/en\/product\/brewed\/","og_site_name":"Tienda CETYS","article_modified_time":"2026-02-10T05:39:34+00:00","og_image":[{"width":920,"height":640,"url":"https:\/\/tienda.cetys.mx\/wp-content\/uploads\/2025\/12\/banner-brews-cobro.png","type":"image\/png"}],"twitter_card":"summary_large_image","twitter_misc":{"Est. reading time":"1 minute"},"schema":{"@context":"https:\/\/schema.org","@graph":[{"@type":"WebPage","@id":"https:\/\/tienda.cetys.mx\/producto\/brewed\/","url":"https:\/\/tienda.cetys.mx\/producto\/brewed\/","name":"BrewEd - Tienda CETYS","isPartOf":{"@id":"https:\/\/tienda.cetys.mx\/#website"},"primaryImageOfPage":{"@id":"https:\/\/tienda.cetys.mx\/producto\/brewed\/#primaryimage"},"image":{"@id":"https:\/\/tienda.cetys.mx\/producto\/brewed\/#primaryimage"},"thumbnailUrl":"https:\/\/tienda.cetys.mx\/wp-content\/uploads\/2025\/12\/banner-brews-cobro.png","datePublished":"2026-02-10T04:12:06+00:00","dateModified":"2026-02-10T05:39:34+00:00","breadcrumb":{"@id":"https:\/\/tienda.cetys.mx\/producto\/brewed\/#breadcrumb"},"inLanguage":"en-US","potentialAction":[{"@type":"ReadAction","target":["https:\/\/tienda.cetys.mx\/producto\/brewed\/"]}]},{"@type":"ImageObject","inLanguage":"en-US","@id":"https:\/\/tienda.cetys.mx\/producto\/brewed\/#primaryimage","url":"https:\/\/tienda.cetys.mx\/wp-content\/uploads\/2025\/12\/banner-brews-cobro.png","contentUrl":"https:\/\/tienda.cetys.mx\/wp-content\/uploads\/2025\/12\/banner-brews-cobro.png","width":920,"height":640},{"@type":"BreadcrumbList","@id":"https:\/\/tienda.cetys.mx\/producto\/brewed\/#breadcrumb","itemListElement":[{"@type":"ListItem","position":1,"name":"Home","item":"https:\/\/tienda.cetys.mx\/"},{"@type":"ListItem","position":2,"name":"Tienda","item":"https:\/\/tienda.cetys.mx\/tienda\/"},{"@type":"ListItem","position":3,"name":"BrewEd"}]},{"@type":"WebSite","@id":"https:\/\/tienda.cetys.mx\/#website","url":"https:\/\/tienda.cetys.mx\/","name":"Tienda CETYS","description":"","potentialAction":[{"@type":"SearchAction","target":{"@type":"EntryPoint","urlTemplate":"https:\/\/tienda.cetys.mx\/?s={search_term_string}"},"query-input":{"@type":"PropertyValueSpecification","valueRequired":true,"valueName":"search_term_string"}}],"inLanguage":"en-US"}]}},"jetpack_sharing_enabled":true,"_links":{"self":[{"href":"https:\/\/tienda.cetys.mx\/en\/wp-json\/wp\/v2\/product\/1407","targetHints":{"allow":["GET"]}}],"collection":[{"href":"https:\/\/tienda.cetys.mx\/en\/wp-json\/wp\/v2\/product"}],"about":[{"href":"https:\/\/tienda.cetys.mx\/en\/wp-json\/wp\/v2\/types\/product"}],"replies":[{"embeddable":true,"href":"https:\/\/tienda.cetys.mx\/en\/wp-json\/wp\/v2\/comments?post=1407"}],"wp:featuredmedia":[{"embeddable":true,"href":"https:\/\/tienda.cetys.mx\/en\/wp-json\/wp\/v2\/media\/1386"}],"wp:attachment":[{"href":"https:\/\/tienda.cetys.mx\/en\/wp-json\/wp\/v2\/media?parent=1407"}],"wp:term":[{"taxonomy":"product_brand","embeddable":true,"href":"https:\/\/tienda.cetys.mx\/en\/wp-json\/wp\/v2\/product_brand?post=1407"},{"taxonomy":"product_cat","embeddable":true,"href":"https:\/\/tienda.cetys.mx\/en\/wp-json\/wp\/v2\/product_cat?post=1407"},{"taxonomy":"product_tag","embeddable":true,"href":"https:\/\/tienda.cetys.mx\/en\/wp-json\/wp\/v2\/product_tag?post=1407"}],"curies":[{"name":"wp","href":"https:\/\/api.w.org\/{rel}","templated":true}]}}