{"id":1377,"date":"2025-12-02T15:02:04","date_gmt":"2025-12-02T22:02:04","guid":{"rendered":"https:\/\/tienda.cetys.mx\/?page_id=1377"},"modified":"2025-12-03T13:47:27","modified_gmt":"2025-12-03T20:47:27","slug":"reencuentro-cetys-alumni","status":"publish","type":"page","link":"https:\/\/tienda.cetys.mx\/en\/reencuentro-cetys-alumni\/","title":{"rendered":"Reencuentro CETYS Alumni"},"content":{"rendered":"<p>[et_pb_section fb_built=&#8221;1&#8243; _builder_version=&#8221;4.27.4&#8243; _module_preset=&#8221;default&#8221; global_colors_info=&#8221;{}&#8221;][et_pb_row column_structure=&#8221;1_2,1_2&#8243; _builder_version=&#8221;4.27.4&#8243; _module_preset=&#8221;default&#8221; global_colors_info=&#8221;{}&#8221;][et_pb_column type=&#8221;1_2&#8243; _builder_version=&#8221;4.27.4&#8243; _module_preset=&#8221;default&#8221; global_colors_info=&#8221;{}&#8221;][et_pb_image src=&#8221;http:\/\/tienda.cetys.mx\/wp-content\/uploads\/2025\/12\/Menu-Reencuentros-2025-920-x-640-px.png&#8221; _builder_version=&#8221;4.27.4&#8243; _module_preset=&#8221;default&#8221; title_text=&#8221;Menu Reencuentros 2025 (920 x 640 px)&#8221; hover_enabled=&#8221;0&#8243; sticky_enabled=&#8221;0&#8243;][\/et_pb_image][et_pb_text _builder_version=&#8221;4.27.4&#8243; _module_preset=&#8221;default&#8221; header_3_font=&#8221;|700|||||||&#8221; header_4_font=&#8221;|700|||||||&#8221; global_colors_info=&#8221;{}&#8221;]<\/p>\n<h3 dir=\"ltr\" style=\"text-align: justify;\">Reencuentros de Generaci\u00f3n CETYS Alumni<\/h3>\n<p dir=\"ltr\" style=\"text-align: justify;\">Volver a CETYS es revivir momentos que marcaron tu vida. Los reencuentros de generaci\u00f3n son la oportunidad de celebrar tu aniversario junto a quienes compartieron contigo risas, aprendizajes y sue\u00f1os: tus ex compa\u00f1eros y esos maestros que dejaron huella en tu camino.<\/p>\n<h4 dir=\"ltr\" style=\"text-align: justify;\">Reencuentros CETYS Alumni<\/h4>\n<p dir=\"ltr\" style=\"text-align: justify;\">Evento fijo<\/p>\n<p dir=\"ltr\" style=\"text-align: justify;\">Tu presencia hace de este reencuentro un momento \u00fanico, porque regresar a tu Alma Mater siempre ser\u00e1 motivo de alegr\u00eda. En CETYS siempre ser\u00e1 un gusto recibirte en casa, el lugar donde tu historia contin\u00faa formando parte de nuestra comunidad.<\/p>\n<p>[\/et_pb_text][\/et_pb_column][et_pb_column type=&#8221;1_2&#8243; _builder_version=&#8221;4.27.4&#8243; _module_preset=&#8221;default&#8221; global_colors_info=&#8221;{}&#8221;][et_pb_code _builder_version=&#8221;4.27.4&#8243; _module_preset=&#8221;default&#8221; global_colors_info=&#8221;{}&#8221;]<script type=\"module\" src=\"https:\/\/donorbox.org\/widgets.js\" async><\/script><dbox-widget campaign=\"reencuentros-cetys-alumni\" type=\"donation_form\" enable-auto-scroll=\"true\"><\/dbox-widget>[\/et_pb_code][\/et_pb_column][\/et_pb_row][\/et_pb_section]<\/p>\n","protected":false},"excerpt":{"rendered":"<p>Reencuentros de Generaci\u00f3n CETYS Alumni Volver a CETYS es revivir momentos que marcaron tu vida. Los reencuentros de generaci\u00f3n son la oportunidad de celebrar tu aniversario junto a quienes compartieron [&hellip;]<\/p>\n","protected":false},"author":2,"featured_media":0,"parent":0,"menu_order":0,"comment_status":"closed","ping_status":"closed","template":"","meta":{"_et_pb_use_builder":"on","_et_pb_old_content":"","_et_gb_content_width":"","_price":"","_stock":"","_tribe_ticket_header":"","_tribe_default_ticket_provider":"","_ticket_start_date":"","_ticket_end_date":"","_tribe_ticket_show_description":"","_tribe_ticket_show_not_going":false,"_tribe_ticket_use_global_stock":"","_tribe_ticket_global_stock_level":"","_global_stock_mode":"","_global_stock_cap":"","_tribe_rsvp_for_event":"","_tribe_ticket_going_count":"","_tribe_ticket_not_going_count":"","_tribe_tickets_list":"[]","_tribe_ticket_has_attendee_info_fields":false,"footnotes":"","_tec_slr_enabled":"","_tec_slr_layout":"","_links_to":"","_links_to_target":""},"class_list":["post-1377","page","type-page","status-publish","hentry"],"yoast_head":"<!-- This site is optimized with the Yoast SEO plugin v27.0 - https:\/\/yoast.com\/product\/yoast-seo-wordpress\/ -->\n<title>Reencuentro CETYS Alumni - Tienda CETYS<\/title>\n<meta name=\"robots\" content=\"index, follow, max-snippet:-1, max-image-preview:large, max-video-preview:-1\" \/>\n<link rel=\"canonical\" href=\"https:\/\/tienda.cetys.mx\/en\/reencuentro-cetys-alumni\/\" \/>\n<meta property=\"og:locale\" content=\"en_US\" \/>\n<meta property=\"og:type\" content=\"article\" \/>\n<meta property=\"og:title\" content=\"Reencuentro CETYS Alumni - Tienda CETYS\" \/>\n<meta property=\"og:description\" content=\"Reencuentros de Generaci\u00f3n CETYS Alumni Volver a CETYS es revivir momentos que marcaron tu vida. Los reencuentros de generaci\u00f3n son la oportunidad de celebrar tu aniversario junto a quienes compartieron [&hellip;]\" \/>\n<meta property=\"og:url\" content=\"https:\/\/tienda.cetys.mx\/en\/reencuentro-cetys-alumni\/\" \/>\n<meta property=\"og:site_name\" content=\"Tienda CETYS\" \/>\n<meta property=\"article:modified_time\" content=\"2025-12-03T20:47:27+00:00\" \/>\n<meta name=\"twitter:card\" content=\"summary_large_image\" \/>\n<script type=\"application\/ld+json\" class=\"yoast-schema-graph\">{\"@context\":\"https:\/\/schema.org\",\"@graph\":[{\"@type\":\"WebPage\",\"@id\":\"https:\/\/tienda.cetys.mx\/reencuentro-cetys-alumni\/\",\"url\":\"https:\/\/tienda.cetys.mx\/reencuentro-cetys-alumni\/\",\"name\":\"Reencuentro CETYS Alumni - Tienda CETYS\",\"isPartOf\":{\"@id\":\"https:\/\/tienda.cetys.mx\/#website\"},\"datePublished\":\"2025-12-02T22:02:04+00:00\",\"dateModified\":\"2025-12-03T20:47:27+00:00\",\"breadcrumb\":{\"@id\":\"https:\/\/tienda.cetys.mx\/reencuentro-cetys-alumni\/#breadcrumb\"},\"inLanguage\":\"en-US\",\"potentialAction\":[{\"@type\":\"ReadAction\",\"target\":[\"https:\/\/tienda.cetys.mx\/reencuentro-cetys-alumni\/\"]}]},{\"@type\":\"BreadcrumbList\",\"@id\":\"https:\/\/tienda.cetys.mx\/reencuentro-cetys-alumni\/#breadcrumb\",\"itemListElement\":[{\"@type\":\"ListItem\",\"position\":1,\"name\":\"Home\",\"item\":\"https:\/\/tienda.cetys.mx\/\"},{\"@type\":\"ListItem\",\"position\":2,\"name\":\"Reencuentro CETYS Alumni\"}]},{\"@type\":\"WebSite\",\"@id\":\"https:\/\/tienda.cetys.mx\/#website\",\"url\":\"https:\/\/tienda.cetys.mx\/\",\"name\":\"Tienda CETYS\",\"description\":\"\",\"potentialAction\":[{\"@type\":\"SearchAction\",\"target\":{\"@type\":\"EntryPoint\",\"urlTemplate\":\"https:\/\/tienda.cetys.mx\/?s={search_term_string}\"},\"query-input\":{\"@type\":\"PropertyValueSpecification\",\"valueRequired\":true,\"valueName\":\"search_term_string\"}}],\"inLanguage\":\"en-US\"}]}<\/script>\n<!-- \/ Yoast SEO plugin. -->","yoast_head_json":{"title":"Reencuentro CETYS Alumni - Tienda CETYS","robots":{"index":"index","follow":"follow","max-snippet":"max-snippet:-1","max-image-preview":"max-image-preview:large","max-video-preview":"max-video-preview:-1"},"canonical":"https:\/\/tienda.cetys.mx\/en\/reencuentro-cetys-alumni\/","og_locale":"en_US","og_type":"article","og_title":"Reencuentro CETYS Alumni - Tienda CETYS","og_description":"Reencuentros de Generaci\u00f3n CETYS Alumni Volver a CETYS es revivir momentos que marcaron tu vida. Los reencuentros de generaci\u00f3n son la oportunidad de celebrar tu aniversario junto a quienes compartieron [&hellip;]","og_url":"https:\/\/tienda.cetys.mx\/en\/reencuentro-cetys-alumni\/","og_site_name":"Tienda CETYS","article_modified_time":"2025-12-03T20:47:27+00:00","twitter_card":"summary_large_image","schema":{"@context":"https:\/\/schema.org","@graph":[{"@type":"WebPage","@id":"https:\/\/tienda.cetys.mx\/reencuentro-cetys-alumni\/","url":"https:\/\/tienda.cetys.mx\/reencuentro-cetys-alumni\/","name":"Reencuentro CETYS Alumni - Tienda CETYS","isPartOf":{"@id":"https:\/\/tienda.cetys.mx\/#website"},"datePublished":"2025-12-02T22:02:04+00:00","dateModified":"2025-12-03T20:47:27+00:00","breadcrumb":{"@id":"https:\/\/tienda.cetys.mx\/reencuentro-cetys-alumni\/#breadcrumb"},"inLanguage":"en-US","potentialAction":[{"@type":"ReadAction","target":["https:\/\/tienda.cetys.mx\/reencuentro-cetys-alumni\/"]}]},{"@type":"BreadcrumbList","@id":"https:\/\/tienda.cetys.mx\/reencuentro-cetys-alumni\/#breadcrumb","itemListElement":[{"@type":"ListItem","position":1,"name":"Home","item":"https:\/\/tienda.cetys.mx\/"},{"@type":"ListItem","position":2,"name":"Reencuentro CETYS Alumni"}]},{"@type":"WebSite","@id":"https:\/\/tienda.cetys.mx\/#website","url":"https:\/\/tienda.cetys.mx\/","name":"Tienda CETYS","description":"","potentialAction":[{"@type":"SearchAction","target":{"@type":"EntryPoint","urlTemplate":"https:\/\/tienda.cetys.mx\/?s={search_term_string}"},"query-input":{"@type":"PropertyValueSpecification","valueRequired":true,"valueName":"search_term_string"}}],"inLanguage":"en-US"}]}},"jetpack_sharing_enabled":true,"ticketed":false,"_links":{"self":[{"href":"https:\/\/tienda.cetys.mx\/en\/wp-json\/wp\/v2\/pages\/1377","targetHints":{"allow":["GET"]}}],"collection":[{"href":"https:\/\/tienda.cetys.mx\/en\/wp-json\/wp\/v2\/pages"}],"about":[{"href":"https:\/\/tienda.cetys.mx\/en\/wp-json\/wp\/v2\/types\/page"}],"author":[{"embeddable":true,"href":"https:\/\/tienda.cetys.mx\/en\/wp-json\/wp\/v2\/users\/2"}],"replies":[{"embeddable":true,"href":"https:\/\/tienda.cetys.mx\/en\/wp-json\/wp\/v2\/comments?post=1377"}],"version-history":[{"count":3,"href":"https:\/\/tienda.cetys.mx\/en\/wp-json\/wp\/v2\/pages\/1377\/revisions"}],"predecessor-version":[{"id":1388,"href":"https:\/\/tienda.cetys.mx\/en\/wp-json\/wp\/v2\/pages\/1377\/revisions\/1388"}],"wp:attachment":[{"href":"https:\/\/tienda.cetys.mx\/en\/wp-json\/wp\/v2\/media?parent=1377"}],"curies":[{"name":"wp","href":"https:\/\/api.w.org\/{rel}","templated":true}]}}