{"id":1366,"date":"2025-11-04T18:17:07","date_gmt":"2025-11-05T01:17:07","guid":{"rendered":"https:\/\/tienda.cetys.mx\/?page_id=1366"},"modified":"2026-02-11T19:03:39","modified_gmt":"2026-02-12T02:03:39","slug":"reencuentro-de-egresados-de-ingenieria-i-generacion-2020-revive-tu-graduacion","status":"publish","type":"page","link":"https:\/\/tienda.cetys.mx\/en\/reencuentro-de-egresados-de-ingenieria-i-generacion-2020-revive-tu-graduacion\/","title":{"rendered":"Reencuentro de Egresados de Ingenier\u00eda I Generaci\u00f3n\u00a02020 &#8211; Revive tu graduaci\u00f3n"},"content":{"rendered":"<p>[et_pb_section fb_built=&#8221;1&#8243; _builder_version=&#8221;4.27.4&#8243; _module_preset=&#8221;default&#8221; global_colors_info=&#8221;{}&#8221;][et_pb_row column_structure=&#8221;1_2,1_2&#8243; _builder_version=&#8221;4.27.4&#8243; _module_preset=&#8221;default&#8221; hover_enabled=&#8221;0&#8243; global_colors_info=&#8221;{}&#8221; sticky_enabled=&#8221;0&#8243; width=&#8221;100%&#8221;][et_pb_column type=&#8221;1_2&#8243; _builder_version=&#8221;4.27.4&#8243; _module_preset=&#8221;default&#8221; global_colors_info=&#8221;{}&#8221;][et_pb_image src=&#8221;https:\/\/tienda.cetys.mx\/wp-content\/uploads\/2026\/02\/Reencuentro-Alumni-Gen.-2020-y-2021-Ingenieria-4.png&#8221; title_text=&#8221;Reencuentro Alumni Gen. 2020 y 2021 Ingenier\u00eda (4)&#8221; _builder_version=&#8221;4.27.4&#8243; _module_preset=&#8221;default&#8221; global_colors_info=&#8221;{}&#8221;][\/et_pb_image][et_pb_text _builder_version=&#8221;4.27.4&#8243; _module_preset=&#8221;default&#8221; custom_padding=&#8221;1px||0px|||&#8221; hover_enabled=&#8221;0&#8243; global_colors_info=&#8221;{}&#8221; sticky_enabled=&#8221;0&#8243;]<\/p>\n<p dir=\"ltr\" style=\"text-align: justify;\">Reencuentro<strong> de Egresados de Ingenier\u00eda | Generaci\u00f3n 2020 y 2021 &#8211; Revive tu graduaci\u00f3n<\/strong><\/p>\n<p dir=\"ltr\" style=\"text-align: justify;\">Han pasado cinco a\u00f1os desde aquel momento en que culminaron su carrera profesional en CETYS Universidad, un logro alcanzado en medio de los retos de la pandemia. Hoy es momento de reencontrarse, celebrar lo vivido y revivir la emoci\u00f3n de su graduaci\u00f3n junto a sus compa\u00f1eros, docentes y amistades que marcaron su historia.<\/p>\n<p dir=\"ltr\" style=\"text-align: justify;\">Los esperamos este s\u00e1bado 21 de marzo a las 9:00 a.m. en CETYS Universidad, Campus Mexicali, para compartir un reencuentro lleno de recuerdos, sonrisas y orgullo por pertenecer a esta generaci\u00f3n que nunca se rindi\u00f3.<\/p>\n<p dir=\"ltr\" style=\"text-align: justify;\">Cuota de recuperaci\u00f3n: $200 pesos.<\/p>\n<p dir=\"ltr\" style=\"text-align: justify;\">Adem\u00e1s, si lo deseas, puedes aportar un monto mayor a $200 pesos que ser\u00e1 destinado a apoyar a los grupos estudiantiles de Ingenier\u00eda, impulsando a las nuevas generaciones que, como t\u00fa, siguen construyendo el futuro con innovaci\u00f3n y compromiso.<\/p>\n<p dir=\"ltr\" style=\"text-align: justify;\">Un reencuentro para celebrar el pasado, inspirar el presente y apoyar el futuro.<\/p>\n<p>[\/et_pb_text][\/et_pb_column][et_pb_column _builder_version=&#8221;4.27.4&#8243; _module_preset=&#8221;default&#8221; type=&#8221;1_2&#8243;][et_pb_code _builder_version=&#8221;4.27.4&#8243; _module_preset=&#8221;default&#8221; custom_margin=&#8221;|-16px|-448px|||&#8221; global_colors_info=&#8221;{}&#8221;]<script src=\"https:\/\/donorbox.org\/widget.js\" paypalExpress=\"true\"><\/script> <iframe loading=\"lazy\" src=\"https:\/\/donorbox.org\/embed\/reencuentro-de-egresados-de-ingenieria-i-generacion-2020-revive-tu-graduacion?\" name=\"donorbox\" allowpaymentrequest=\"allowpaymentrequest\" seamless=\"seamless\" frameborder=\"0\" scrolling=\"no\" height=\"900px\" width=\"100%\" style=\"max-width: 500px; min-width: 250px; max-height:none!important\" allow=\"payment\"><\/iframe>[\/et_pb_code][\/et_pb_column][\/et_pb_row][\/et_pb_section]<\/p>\n","protected":false},"excerpt":{"rendered":"<p>Reencuentro de Egresados de Ingenier\u00eda | Generaci\u00f3n 2020 y 2021 &#8211; Revive tu graduaci\u00f3n Han pasado cinco a\u00f1os desde aquel momento en que culminaron su carrera profesional en CETYS Universidad, [&hellip;]<\/p>\n","protected":false},"author":2,"featured_media":0,"parent":0,"menu_order":0,"comment_status":"closed","ping_status":"closed","template":"","meta":{"_et_pb_use_builder":"on","_et_pb_old_content":"","_et_gb_content_width":"","_price":"","_stock":"","_tribe_ticket_header":"","_tribe_default_ticket_provider":"","_ticket_start_date":"","_ticket_end_date":"","_tribe_ticket_show_description":"","_tribe_ticket_show_not_going":false,"_tribe_ticket_use_global_stock":"","_tribe_ticket_global_stock_level":"","_global_stock_mode":"","_global_stock_cap":"","_tribe_rsvp_for_event":"","_tribe_ticket_going_count":"","_tribe_ticket_not_going_count":"","_tribe_tickets_list":"[]","_tribe_ticket_has_attendee_info_fields":false,"footnotes":"","_tec_slr_enabled":"","_tec_slr_layout":"","_links_to":"","_links_to_target":""},"class_list":["post-1366","page","type-page","status-publish","hentry"],"yoast_head":"<!-- This site is optimized with the Yoast SEO plugin v27.0 - https:\/\/yoast.com\/product\/yoast-seo-wordpress\/ -->\n<title>Reencuentro de Egresados de Ingenier\u00eda I Generaci\u00f3n\u00a02020 - Revive tu graduaci\u00f3n - Tienda CETYS<\/title>\n<meta name=\"robots\" content=\"index, follow, max-snippet:-1, max-image-preview:large, max-video-preview:-1\" \/>\n<link rel=\"canonical\" href=\"https:\/\/tienda.cetys.mx\/en\/reencuentro-de-egresados-de-ingenieria-i-generacion-2020-revive-tu-graduacion\/\" \/>\n<meta property=\"og:locale\" content=\"en_US\" \/>\n<meta property=\"og:type\" content=\"article\" \/>\n<meta property=\"og:title\" content=\"Reencuentro de Egresados de Ingenier\u00eda I Generaci\u00f3n\u00a02020 - Revive tu graduaci\u00f3n - Tienda CETYS\" \/>\n<meta property=\"og:description\" content=\"Reencuentro de Egresados de Ingenier\u00eda | Generaci\u00f3n 2020 y 2021 - Revive tu graduaci\u00f3n Han pasado cinco a\u00f1os desde aquel momento en que culminaron su carrera profesional en CETYS Universidad, [&hellip;]\" \/>\n<meta property=\"og:url\" content=\"https:\/\/tienda.cetys.mx\/en\/reencuentro-de-egresados-de-ingenieria-i-generacion-2020-revive-tu-graduacion\/\" \/>\n<meta property=\"og:site_name\" content=\"Tienda CETYS\" \/>\n<meta property=\"article:modified_time\" content=\"2026-02-12T02:03:39+00:00\" \/>\n<meta name=\"twitter:card\" content=\"summary_large_image\" \/>\n<script type=\"application\/ld+json\" class=\"yoast-schema-graph\">{\"@context\":\"https:\/\/schema.org\",\"@graph\":[{\"@type\":\"WebPage\",\"@id\":\"https:\/\/tienda.cetys.mx\/reencuentro-de-egresados-de-ingenieria-i-generacion-2020-revive-tu-graduacion\/\",\"url\":\"https:\/\/tienda.cetys.mx\/reencuentro-de-egresados-de-ingenieria-i-generacion-2020-revive-tu-graduacion\/\",\"name\":\"Reencuentro de Egresados de Ingenier\u00eda I Generaci\u00f3n\u00a02020 - Revive tu graduaci\u00f3n - Tienda CETYS\",\"isPartOf\":{\"@id\":\"https:\/\/tienda.cetys.mx\/#website\"},\"datePublished\":\"2025-11-05T01:17:07+00:00\",\"dateModified\":\"2026-02-12T02:03:39+00:00\",\"breadcrumb\":{\"@id\":\"https:\/\/tienda.cetys.mx\/reencuentro-de-egresados-de-ingenieria-i-generacion-2020-revive-tu-graduacion\/#breadcrumb\"},\"inLanguage\":\"en-US\",\"potentialAction\":[{\"@type\":\"ReadAction\",\"target\":[\"https:\/\/tienda.cetys.mx\/reencuentro-de-egresados-de-ingenieria-i-generacion-2020-revive-tu-graduacion\/\"]}]},{\"@type\":\"BreadcrumbList\",\"@id\":\"https:\/\/tienda.cetys.mx\/reencuentro-de-egresados-de-ingenieria-i-generacion-2020-revive-tu-graduacion\/#breadcrumb\",\"itemListElement\":[{\"@type\":\"ListItem\",\"position\":1,\"name\":\"Home\",\"item\":\"https:\/\/tienda.cetys.mx\/\"},{\"@type\":\"ListItem\",\"position\":2,\"name\":\"Reencuentro de Egresados de Ingenier\u00eda I Generaci\u00f3n\u00a02020 &#8211; Revive tu graduaci\u00f3n\"}]},{\"@type\":\"WebSite\",\"@id\":\"https:\/\/tienda.cetys.mx\/#website\",\"url\":\"https:\/\/tienda.cetys.mx\/\",\"name\":\"Tienda CETYS\",\"description\":\"\",\"potentialAction\":[{\"@type\":\"SearchAction\",\"target\":{\"@type\":\"EntryPoint\",\"urlTemplate\":\"https:\/\/tienda.cetys.mx\/?s={search_term_string}\"},\"query-input\":{\"@type\":\"PropertyValueSpecification\",\"valueRequired\":true,\"valueName\":\"search_term_string\"}}],\"inLanguage\":\"en-US\"}]}<\/script>\n<!-- \/ Yoast SEO plugin. -->","yoast_head_json":{"title":"Reencuentro de Egresados de Ingenier\u00eda I Generaci\u00f3n\u00a02020 - Revive tu graduaci\u00f3n - Tienda CETYS","robots":{"index":"index","follow":"follow","max-snippet":"max-snippet:-1","max-image-preview":"max-image-preview:large","max-video-preview":"max-video-preview:-1"},"canonical":"https:\/\/tienda.cetys.mx\/en\/reencuentro-de-egresados-de-ingenieria-i-generacion-2020-revive-tu-graduacion\/","og_locale":"en_US","og_type":"article","og_title":"Reencuentro de Egresados de Ingenier\u00eda I Generaci\u00f3n\u00a02020 - Revive tu graduaci\u00f3n - Tienda CETYS","og_description":"Reencuentro de Egresados de Ingenier\u00eda | Generaci\u00f3n 2020 y 2021 - Revive tu graduaci\u00f3n Han pasado cinco a\u00f1os desde aquel momento en que culminaron su carrera profesional en CETYS Universidad, [&hellip;]","og_url":"https:\/\/tienda.cetys.mx\/en\/reencuentro-de-egresados-de-ingenieria-i-generacion-2020-revive-tu-graduacion\/","og_site_name":"Tienda CETYS","article_modified_time":"2026-02-12T02:03:39+00:00","twitter_card":"summary_large_image","schema":{"@context":"https:\/\/schema.org","@graph":[{"@type":"WebPage","@id":"https:\/\/tienda.cetys.mx\/reencuentro-de-egresados-de-ingenieria-i-generacion-2020-revive-tu-graduacion\/","url":"https:\/\/tienda.cetys.mx\/reencuentro-de-egresados-de-ingenieria-i-generacion-2020-revive-tu-graduacion\/","name":"Reencuentro de Egresados de Ingenier\u00eda I Generaci\u00f3n\u00a02020 - Revive tu graduaci\u00f3n - Tienda CETYS","isPartOf":{"@id":"https:\/\/tienda.cetys.mx\/#website"},"datePublished":"2025-11-05T01:17:07+00:00","dateModified":"2026-02-12T02:03:39+00:00","breadcrumb":{"@id":"https:\/\/tienda.cetys.mx\/reencuentro-de-egresados-de-ingenieria-i-generacion-2020-revive-tu-graduacion\/#breadcrumb"},"inLanguage":"en-US","potentialAction":[{"@type":"ReadAction","target":["https:\/\/tienda.cetys.mx\/reencuentro-de-egresados-de-ingenieria-i-generacion-2020-revive-tu-graduacion\/"]}]},{"@type":"BreadcrumbList","@id":"https:\/\/tienda.cetys.mx\/reencuentro-de-egresados-de-ingenieria-i-generacion-2020-revive-tu-graduacion\/#breadcrumb","itemListElement":[{"@type":"ListItem","position":1,"name":"Home","item":"https:\/\/tienda.cetys.mx\/"},{"@type":"ListItem","position":2,"name":"Reencuentro de Egresados de Ingenier\u00eda I Generaci\u00f3n\u00a02020 &#8211; Revive tu graduaci\u00f3n"}]},{"@type":"WebSite","@id":"https:\/\/tienda.cetys.mx\/#website","url":"https:\/\/tienda.cetys.mx\/","name":"Tienda CETYS","description":"","potentialAction":[{"@type":"SearchAction","target":{"@type":"EntryPoint","urlTemplate":"https:\/\/tienda.cetys.mx\/?s={search_term_string}"},"query-input":{"@type":"PropertyValueSpecification","valueRequired":true,"valueName":"search_term_string"}}],"inLanguage":"en-US"}]}},"jetpack_sharing_enabled":true,"ticketed":false,"_links":{"self":[{"href":"https:\/\/tienda.cetys.mx\/en\/wp-json\/wp\/v2\/pages\/1366","targetHints":{"allow":["GET"]}}],"collection":[{"href":"https:\/\/tienda.cetys.mx\/en\/wp-json\/wp\/v2\/pages"}],"about":[{"href":"https:\/\/tienda.cetys.mx\/en\/wp-json\/wp\/v2\/types\/page"}],"author":[{"embeddable":true,"href":"https:\/\/tienda.cetys.mx\/en\/wp-json\/wp\/v2\/users\/2"}],"replies":[{"embeddable":true,"href":"https:\/\/tienda.cetys.mx\/en\/wp-json\/wp\/v2\/comments?post=1366"}],"version-history":[{"count":5,"href":"https:\/\/tienda.cetys.mx\/en\/wp-json\/wp\/v2\/pages\/1366\/revisions"}],"predecessor-version":[{"id":1432,"href":"https:\/\/tienda.cetys.mx\/en\/wp-json\/wp\/v2\/pages\/1366\/revisions\/1432"}],"wp:attachment":[{"href":"https:\/\/tienda.cetys.mx\/en\/wp-json\/wp\/v2\/media?parent=1366"}],"curies":[{"name":"wp","href":"https:\/\/api.w.org\/{rel}","templated":true}]}}